{"id":473,"date":"2024-02-13T16:15:12","date_gmt":"2024-02-13T19:15:12","guid":{"rendered":"https:\/\/desvendandoocodigo.com.br\/?page_id=473"},"modified":"2026-04-07T10:36:32","modified_gmt":"2026-04-07T13:36:32","slug":"home","status":"publish","type":"page","link":"https:\/\/desvendandoocodigo.com.br\/","title":{"rendered":"Home"},"content":{"rendered":"\n\n\n<!-- BANNER DO YOUTUBE (PRIORIDADE M\u00c1XIMA) - VERS\u00c3O PROFISSIONAL -->\n<div style=\"\nbackground: linear-gradient(135deg, #1e3a5f, #0f2b42);\ncolor: white;\npadding: 35px;\nborder-radius: 12px;\ntext-align: center;\nmargin-bottom: 25px;\nbox-shadow: 0 4px 15px rgba(0,0,0,0.2);\nborder-left: 5px solid #ff0000;\n\">\n\n<h2 style=\"margin-bottom:10px;color:white;\">\ud83d\udcfa Lives Gravadas no YouTube<\/h2>\n\n<p style=\"font-size:16px;color:#e2e8f0;\">\nPerdeu a live ao vivo? <strong>Todos os v\u00eddeos completos ficam salvos aqui!<\/strong>\n<\/p>\n\n<p style=\"color:#cbd5e1;\">\n\u25b6\ufe0f Programa\u00e7\u00e3o, projetos pr\u00e1ticos e explica\u00e7\u00f5es passo a passo.\n<\/p>\n\n<div style=\"\nbackground: #ff0000;\nborder-radius: 40px;\npadding: 12px 24px;\nmargin: 15px auto 10px auto;\ndisplay: inline-block;\nfont-weight: bold;\nfont-size: 18px;\nfont-family: monospace;\ncolor: white;\n\">\n\ud83d\udcfa @DesvendandooCodigo\n<\/div>\n\n<p style=\"font-size:13px; margin-top:15px; opacity:0.8; color:#cbd5e1;\">\n\ud83c\udf81 Todo o conte\u00fado das lives est\u00e1 dispon\u00edvel no canal \u2014 \u00e9 gr\u00e1tis!\n<\/p>\n\n<\/div>\n\n<!-- BANNER LIVES AO VIVO (2\u00ba LUGAR) -->\n<div style=\"\nbackground: linear-gradient(135deg, #0f172a, #020617);\ncolor: white;\npadding: 30px;\nborder-radius: 12px;\ntext-align: center;\nmargin-bottom: 25px;\nbox-shadow: 0 4px 15px rgba(0,0,0,0.2);\nborder: 1px solid rgba(255,255,255,0.05);\n\">\n\n<h2 style=\"margin-bottom:10px;color:white;\">\ud83c\udfa5 Lives de Programa\u00e7\u00e3o ao Vivo<\/h2>\n\n<p style=\"font-size:16px;color:white;\">\nParticipe das minhas lives e aprenda programa\u00e7\u00e3o na pr\u00e1tica.\n<\/p>\n\n<div style=\"\ndisplay:flex;\njustify-content:center;\nflex-wrap:wrap;\ngap:15px;\nmargin-top:20px;\nmargin-bottom:20px;\n\">\n\n<div style=\"\nbackground:#111827;\npadding:15px 20px;\nborder-radius:8px;\nmin-width:180px;\n\">\n<strong style=\"color:#22c55e;\">Segunda a Quinta<\/strong>\n<br>\n<span style=\"color:white;\">11:00 da manh\u00e3<\/span>\n<\/div>\n\n<div style=\"\nbackground:#111827;\npadding:15px 20px;\nborder-radius:8px;\nmin-width:180px;\n\">\n<strong style=\"color:#22c55e;\">S\u00e1bado<\/strong>\n<br>\n<span style=\"color:white;\">19:00 horas<\/span>\n<\/div>\n\n<\/div>\n\n<p style=\"color:white;\">\nConte\u00fado ao vivo, projetos pr\u00e1ticos e explica\u00e7\u00f5es passo a passo.\n<\/p>\n\n<\/div>\n\n<!-- BANNER APP (3\u00ba LUGAR) -->\n<div style=\"\nbackground: linear-gradient(135deg, #1e293b, #0f172a);\ncolor: white;\npadding: 35px;\nborder-radius: 12px;\ntext-align: center;\nmargin-bottom: 25px;\nbox-shadow: 0 4px 15px rgba(0,0,0,0.2);\n\">\n\n<h2 style=\"margin-bottom:10px;color:white;\">\ud83d\udcf1 App de Programa\u00e7\u00e3o (em Testes)<\/h2>\n\n<p style=\"font-size:16px;color:white;\">\nAplicativo com cards interativos para aprender programa\u00e7\u00e3o de forma pr\u00e1tica e r\u00e1pida direto no celular.\n<\/p>\n\n<p style=\"color:white;\">\nEstou liberando acesso antecipado para testadores.\n<\/p>\n\n<a href=\"https:\/\/desvendandoocodigo.com.br\/?p=1911\" \nstyle=\"\nbackground:#22c55e;\ncolor:white;\npadding:12px 28px;\ntext-decoration:none;\nborder-radius:6px;\nfont-weight:bold;\ndisplay:inline-block;\nmargin-top:15px;\n\">\n\ud83d\udcf2 Saiba mais sobre o App\n<\/a>\n\n<\/div>\n\n<!-- Introdu\u00e7\u00e3o -->\n<h2>Desvendando o C\u00f3digo<\/h2>\n\n<p>\nBem-vindo ao Desvendando o C\u00f3digo, um blog dedicado ao ensino de programa\u00e7\u00e3o de forma pr\u00e1tica, direta e did\u00e1tica.\nAqui voc\u00ea encontrar\u00e1 conte\u00fados sobre JavaScript, Node.js, React, MongoDB, MySQL e Python.\n<\/p>\n\n<p>\nO objetivo deste blog \u00e9 ajudar iniciantes e desenvolvedores a evolu\u00edrem na programa\u00e7\u00e3o atrav\u00e9s de tutoriais passo a passo, exemplos pr\u00e1ticos e explica\u00e7\u00f5es claras.\n<\/p>\n\n<!-- Stacks -->\n<h2>\ud83d\ude80 Tecnologias que voc\u00ea vai aprender<\/h2>\n\n<div style=\"\ndisplay:flex;\nflex-wrap:wrap;\ngap:10px;\nmargin-top:15px;\nmargin-bottom:30px;\n\">\n\n<span style=\"background:#f7df1e;color:black;padding:8px 14px;border-radius:6px;font-weight:bold;\">JavaScript<\/span>\n\n<span style=\"background:#3178c6;color:white;padding:8px 14px;border-radius:6px;font-weight:bold;\">TypeScript<\/span>\n\n<span style=\"background:#339933;color:white;padding:8px 14px;border-radius:6px;font-weight:bold;\">Node.js<\/span>\n\n<span style=\"background:#61dafb;color:black;padding:8px 14px;border-radius:6px;font-weight:bold;\">React<\/span>\n\n<span style=\"background:#0ea5e9;color:white;padding:8px 14px;border-radius:6px;font-weight:bold;\">React Native<\/span>\n\n<span style=\"background:#47a248;color:white;padding:8px 14px;border-radius:6px;font-weight:bold;\">MongoDB<\/span>\n\n<span style=\"background:#00758f;color:white;padding:8px 14px;border-radius:6px;font-weight:bold;\">MySQL<\/span>\n\n<span style=\"background:#3776ab;color:white;padding:8px 14px;border-radius:6px;font-weight:bold;\">Python<\/span>\n\n<\/div>\n\n<!-- O que vai aprender -->\n<h2>O que voc\u00ea vai aprender aqui<\/h2>\n\n<ul>\n<li>JavaScript do b\u00e1sico ao avan\u00e7ado<\/li>\n<li>Python para iniciantes e automa\u00e7\u00e3o<\/li>\n<li>Node.js e desenvolvimento backend<\/li>\n<li>React e desenvolvimento frontend<\/li>\n<li>React Native e Mobile<\/li>\n<li>Banco de dados MongoDB e MySQL<\/li>\n<li>Boas pr\u00e1ticas de programa\u00e7\u00e3o<\/li>\n<li>Projetos pr\u00e1ticos e did\u00e1ticos<\/li>\n<\/ul>\n\n<!-- Cursos -->\n<h2>\ud83d\ude80 Meus Cursos<\/h2>\n\n<p>\nAprenda programa\u00e7\u00e3o com cursos completos e projetos pr\u00e1ticos.\n<\/p>\n\n<ul>\n<li>Curso de JavaScript<\/li>\n<li>Curso de React<\/li>\n<li>Curso de Node.js<\/li>\n<li>Curso de React Native<\/li>\n<li>Curso de Python<\/li>\n<\/ul>\n\n<!-- Sobre -->\n<h2>Sobre o Blog<\/h2>\n\n<p>\nO Desvendando o C\u00f3digo foi criado com o objetivo de tornar o aprendizado de programa\u00e7\u00e3o mais acess\u00edvel e pr\u00e1tico.\nAqui voc\u00ea encontrar\u00e1 conte\u00fados atualizados e focados no que realmente importa para o desenvolvimento profissional.\n<\/p>\n\n<p>\nExplore os artigos, categorias e comece agora mesmo sua jornada na programa\u00e7\u00e3o.\n<\/p>\n\n\n\n<hr class=\"wp-block-separator has-alpha-channel-opacity\"\/>\n\n\n\n<p><\/p>\n\n\n\n<figure class=\"wp-block-embed is-type-video is-provider-youtube wp-block-embed-youtube wp-embed-aspect-16-9 wp-has-aspect-ratio\"><div class=\"wp-block-embed__wrapper\">\n<iframe loading=\"lazy\" title=\"Lancei Meu App de Programa\u00e7\u00e3o e Preciso da Sua Ajuda nos Testes\" width=\"960\" height=\"540\" src=\"https:\/\/www.youtube.com\/embed\/lCz13b4dkzo?start=2&#038;feature=oembed\" frameborder=\"0\" allow=\"accelerometer; autoplay; clipboard-write; encrypted-media; gyroscope; picture-in-picture; web-share\" referrerpolicy=\"strict-origin-when-cross-origin\" allowfullscreen><\/iframe>\n<\/div><\/figure>\n\n\n\n<p><\/p>\n\n\n\n<p>\ud83d\udc49 Mais informa\u00e7\u00f5es: <a href=\"https:\/\/desvendandoocodigo.com.br\/?p=1911\">https:\/\/desvendandoocodigo.com.br\/?p=1911<\/a><\/p>\n\n\n\n<p><\/p>\n\n\n\n<hr class=\"wp-block-separator has-alpha-channel-opacity\"\/>\n\n\n\n<p><\/p>\n\n\n\n<p><\/p>\n\n\n\n<p><\/p>\n\n\n\n<h2 class=\"wp-block-heading has-text-align-center\">\ud83d\ude80 Cursos de Programa\u00e7\u00e3o Profissionais<\/h2>\n\n\n\n<h4 class=\"wp-block-heading has-text-align-center\"><strong>React.js do Zero \u00e0 Pr\u00e1tica Profissional<\/strong><\/h4>\n\n\n\n<p class=\"has-text-align-center\"><a href=\"https:\/\/go.hotmart.com\/W103667088L?dp=1\">https:\/\/go.hotmart.com\/W103667088L?dp=1<\/a><\/p>\n\n\n<div class=\"wp-block-image\">\n<figure class=\"aligncenter size-full is-resized\"><img loading=\"lazy\" decoding=\"async\" width=\"600\" height=\"600\" src=\"https:\/\/desvendandoocodigo.com.br\/wp-content\/uploads\/2026\/01\/Aulas-ao-vivo-organizadas.png\" alt=\"\" class=\"wp-image-1868\" style=\"width:293px;height:auto\" srcset=\"https:\/\/desvendandoocodigo.com.br\/wp-content\/uploads\/2026\/01\/Aulas-ao-vivo-organizadas.png 600w, https:\/\/desvendandoocodigo.com.br\/wp-content\/uploads\/2026\/01\/Aulas-ao-vivo-organizadas-300x300.png 300w, https:\/\/desvendandoocodigo.com.br\/wp-content\/uploads\/2026\/01\/Aulas-ao-vivo-organizadas-150x150.png 150w, https:\/\/desvendandoocodigo.com.br\/wp-content\/uploads\/2026\/01\/Aulas-ao-vivo-organizadas-75x75.png 75w\" sizes=\"(max-width: 600px) 100vw, 600px\" \/><\/figure><\/div>\n\n\n<h4 class=\"wp-block-heading has-text-align-center\"><strong>JavaScript Full Stack na Pr\u00e1tica \u2014 22 Projetos Reais do Front ao Back-end<\/strong><\/h4>\n\n\n\n<p class=\"has-text-align-center\"><a href=\"https:\/\/go.hotmart.com\/Y103708209K?dp=1\">https:\/\/go.hotmart.com\/Y103708209K?dp=1<\/a><\/p>\n\n\n<div class=\"wp-block-image\">\n<figure class=\"aligncenter size-full is-resized\"><img loading=\"lazy\" decoding=\"async\" width=\"600\" height=\"600\" src=\"https:\/\/desvendandoocodigo.com.br\/wp-content\/uploads\/2026\/01\/JavaScript-ao-vivo-organizadas.png\" alt=\"\" class=\"wp-image-1867\" style=\"width:294px;height:auto\" srcset=\"https:\/\/desvendandoocodigo.com.br\/wp-content\/uploads\/2026\/01\/JavaScript-ao-vivo-organizadas.png 600w, https:\/\/desvendandoocodigo.com.br\/wp-content\/uploads\/2026\/01\/JavaScript-ao-vivo-organizadas-300x300.png 300w, https:\/\/desvendandoocodigo.com.br\/wp-content\/uploads\/2026\/01\/JavaScript-ao-vivo-organizadas-150x150.png 150w, https:\/\/desvendandoocodigo.com.br\/wp-content\/uploads\/2026\/01\/JavaScript-ao-vivo-organizadas-75x75.png 75w\" sizes=\"(max-width: 600px) 100vw, 600px\" \/><\/figure><\/div>\n\n\n<h4 class=\"wp-block-heading has-text-align-center\"><strong>Programa\u00e7\u00e3o Orientada a Objetos com TypeScript (TS Puro) \u2014 Do Zero ao Avan\u00e7ado<\/strong><\/h4>\n\n\n\n<p class=\"has-text-align-center\"><a href=\"https:\/\/go.hotmart.com\/W104176264N\">https:\/\/go.hotmart.com\/W104176264N<\/a><\/p>\n\n\n<div class=\"wp-block-image\">\n<figure class=\"aligncenter size-full is-resized\"><img loading=\"lazy\" decoding=\"async\" width=\"600\" height=\"600\" src=\"https:\/\/desvendandoocodigo.com.br\/wp-content\/uploads\/2026\/01\/TYPESCRIPT-ORIENTACAO-A-OBJETOS-1.png\" alt=\"\" class=\"wp-image-1864\" style=\"width:296px;height:auto\" srcset=\"https:\/\/desvendandoocodigo.com.br\/wp-content\/uploads\/2026\/01\/TYPESCRIPT-ORIENTACAO-A-OBJETOS-1.png 600w, https:\/\/desvendandoocodigo.com.br\/wp-content\/uploads\/2026\/01\/TYPESCRIPT-ORIENTACAO-A-OBJETOS-1-300x300.png 300w, https:\/\/desvendandoocodigo.com.br\/wp-content\/uploads\/2026\/01\/TYPESCRIPT-ORIENTACAO-A-OBJETOS-1-150x150.png 150w, https:\/\/desvendandoocodigo.com.br\/wp-content\/uploads\/2026\/01\/TYPESCRIPT-ORIENTACAO-A-OBJETOS-1-75x75.png 75w\" sizes=\"(max-width: 600px) 100vw, 600px\" \/><\/figure><\/div>","protected":false},"excerpt":{"rendered":"<p>\ud83d\udcfa Lives Gravadas no YouTube Perdeu a live ao vivo? Todos os v\u00eddeos completos ficam salvos aqui! \u25b6\ufe0f Programa\u00e7\u00e3o, projetos pr\u00e1ticos e explica\u00e7\u00f5es passo a passo. \ud83d\udcfa @DesvendandooCodigo \ud83c\udf81 Todo o conte\u00fado das lives est\u00e1 dispon\u00edvel no canal \u2014 \u00e9 gr\u00e1tis! \ud83c\udfa5 Lives de Programa\u00e7\u00e3o ao Vivo Participe das minhas lives e aprenda programa\u00e7\u00e3o na pr\u00e1tica. Segunda a Quinta 11:00 da manh\u00e3 S\u00e1bado 19:00 horas Conte\u00fado ao vivo, projetos pr\u00e1ticos e explica\u00e7\u00f5es passo a passo. \ud83d\udcf1 App de Programa\u00e7\u00e3o (em Testes) Aplicativo com cards interativos para aprender programa\u00e7\u00e3o de forma pr\u00e1tica e r\u00e1pida direto no celular. Estou liberando acesso antecipado para testadores. \ud83d\udcf2 Saiba mais sobre o App Desvendando o C\u00f3digo Bem-vindo ao Desvendando o C\u00f3digo, um blog dedicado ao ensino de programa\u00e7\u00e3o de forma pr\u00e1tica, direta e did\u00e1tica. Aqui voc\u00ea encontrar\u00e1 conte\u00fados sobre JavaScript, Node.js, React, MongoDB, MySQL e Python. O objetivo deste blog \u00e9 ajudar iniciantes e desenvolvedores a evolu\u00edrem na programa\u00e7\u00e3o atrav\u00e9s de tutoriais passo a passo, exemplos pr\u00e1ticos e explica\u00e7\u00f5es claras. \ud83d\ude80 Tecnologias que voc\u00ea vai aprender JavaScript TypeScript Node.js React React Native MongoDB MySQL Python O que voc\u00ea vai aprender aqui JavaScript do b\u00e1sico ao avan\u00e7ado Python para iniciantes e automa\u00e7\u00e3o Node.js e desenvolvimento backend React e desenvolvimento frontend React Native e Mobile Banco de dados MongoDB e MySQL Boas pr\u00e1ticas de programa\u00e7\u00e3o Projetos pr\u00e1ticos e did\u00e1ticos \ud83d\ude80 Meus Cursos Aprenda programa\u00e7\u00e3o com cursos completos e projetos pr\u00e1ticos. Curso de JavaScript Curso de React Curso de Node.js Curso de React Native Curso de Python Sobre o Blog O Desvendando o C\u00f3digo foi criado com o objetivo de tornar o aprendizado de programa\u00e7\u00e3o mais acess\u00edvel e pr\u00e1tico. Aqui voc\u00ea encontrar\u00e1 conte\u00fados atualizados e focados no que realmente importa para o desenvolvimento profissional. Explore os artigos, categorias e comece agora mesmo sua jornada na programa\u00e7\u00e3o. \ud83d\udc49 Mais informa\u00e7\u00f5es: https:\/\/desvendandoocodigo.com.br\/?p=1911 \ud83d\ude80 Cursos de Programa\u00e7\u00e3o Profissionais React.js do Zero \u00e0 Pr\u00e1tica Profissional https:\/\/go.hotmart.com\/W103667088L?dp=1 JavaScript Full Stack na Pr\u00e1tica \u2014 22 Projetos Reais do Front ao Back-end https:\/\/go.hotmart.com\/Y103708209K?dp=1 Programa\u00e7\u00e3o Orientada a Objetos com TypeScript (TS Puro) \u2014 Do Zero ao Avan\u00e7ado https:\/\/go.hotmart.com\/W104176264N<\/p>\n","protected":false},"author":1,"featured_media":0,"parent":0,"menu_order":0,"comment_status":"closed","ping_status":"closed","template":"","meta":{"_monsterinsights_skip_tracking":false,"_monsterinsights_sitenote_active":false,"_monsterinsights_sitenote_note":"","_monsterinsights_sitenote_category":0,"footnotes":""},"_links":{"self":[{"href":"https:\/\/desvendandoocodigo.com.br\/index.php?rest_route=\/wp\/v2\/pages\/473"}],"collection":[{"href":"https:\/\/desvendandoocodigo.com.br\/index.php?rest_route=\/wp\/v2\/pages"}],"about":[{"href":"https:\/\/desvendandoocodigo.com.br\/index.php?rest_route=\/wp\/v2\/types\/page"}],"author":[{"embeddable":true,"href":"https:\/\/desvendandoocodigo.com.br\/index.php?rest_route=\/wp\/v2\/users\/1"}],"replies":[{"embeddable":true,"href":"https:\/\/desvendandoocodigo.com.br\/index.php?rest_route=%2Fwp%2Fv2%2Fcomments&post=473"}],"version-history":[{"count":96,"href":"https:\/\/desvendandoocodigo.com.br\/index.php?rest_route=\/wp\/v2\/pages\/473\/revisions"}],"predecessor-version":[{"id":1970,"href":"https:\/\/desvendandoocodigo.com.br\/index.php?rest_route=\/wp\/v2\/pages\/473\/revisions\/1970"}],"wp:attachment":[{"href":"https:\/\/desvendandoocodigo.com.br\/index.php?rest_route=%2Fwp%2Fv2%2Fmedia&parent=473"}],"curies":[{"name":"wp","href":"https:\/\/api.w.org\/{rel}","templated":true}]}}