{"id":1900,"date":"2026-03-24T14:00:34","date_gmt":"2026-03-24T17:00:34","guid":{"rendered":"https:\/\/desvendandoocodigo.com.br\/?page_id=1900"},"modified":"2026-03-24T14:02:52","modified_gmt":"2026-03-24T17:02:52","slug":"2-termos-de-uso-eula-app-desvendando-o-codigo","status":"publish","type":"page","link":"https:\/\/desvendandoocodigo.com.br\/?page_id=1900","title":{"rendered":"Termos de Uso (EULA) &#8211; App Desvendando o C\u00f3digo"},"content":{"rendered":"\n<blockquote class=\"wp-block-quote\">\n<p><strong>Termos e Condi\u00e7\u00f5es de Uso<\/strong><\/p>\n\n\n\n<p>Ao utilizar este aplicativo de Flashcards, voc\u00ea concorda com:<\/p>\n\n\n\n<ul>\n<li><strong>Assinatura PRO:<\/strong> O valor de R$ 19,90\/m\u00eas concede acesso a todos os n\u00edveis e categorias de cards. A renova\u00e7\u00e3o \u00e9 autom\u00e1tica via Google Play Store, podendo ser cancelada pelo usu\u00e1rio a qualquer momento nas configura\u00e7\u00f5es da loja.<\/li>\n\n\n\n<li><strong>Propriedade Intelectual:<\/strong> Todo o conte\u00fado (perguntas, respostas e v\u00eddeos explicativos) \u00e9 de propriedade intelectual do <strong>Prof. Marcos Caldas<\/strong>. A assinatura d\u00e1 direito ao <strong>uso pessoal e intransfer\u00edvel<\/strong>, sendo proibida a reprodu\u00e7\u00e3o ou venda do conte\u00fado em outras plataformas.<\/li>\n\n\n\n<li><strong>Limita\u00e7\u00e3o de Responsabilidade:<\/strong> O app \u00e9 uma ferramenta de aux\u00edlio ao estudo. N\u00e3o garantimos aprova\u00e7\u00e3o em exames ou certifica\u00e7\u00f5es, sendo o desempenho responsabilidade do estudante.<\/li>\n\n\n\n<li><strong>Atualiza\u00e7\u00f5es:<\/strong> Reservamo-nos o direito de adicionar ou remover conte\u00fados para manter a qualidade pedag\u00f3gica da plataforma.<\/li>\n<\/ul>\n<\/blockquote>\n","protected":false},"excerpt":{"rendered":"","protected":false},"author":1,"featured_media":0,"parent":0,"menu_order":0,"comment_status":"closed","ping_status":"closed","template":"","meta":{"_monsterinsights_skip_tracking":false,"_monsterinsights_sitenote_active":false,"_monsterinsights_sitenote_note":"","_monsterinsights_sitenote_category":0,"footnotes":""},"_links":{"self":[{"href":"https:\/\/desvendandoocodigo.com.br\/index.php?rest_route=\/wp\/v2\/pages\/1900"}],"collection":[{"href":"https:\/\/desvendandoocodigo.com.br\/index.php?rest_route=\/wp\/v2\/pages"}],"about":[{"href":"https:\/\/desvendandoocodigo.com.br\/index.php?rest_route=\/wp\/v2\/types\/page"}],"author":[{"embeddable":true,"href":"https:\/\/desvendandoocodigo.com.br\/index.php?rest_route=\/wp\/v2\/users\/1"}],"replies":[{"embeddable":true,"href":"https:\/\/desvendandoocodigo.com.br\/index.php?rest_route=%2Fwp%2Fv2%2Fcomments&post=1900"}],"version-history":[{"count":2,"href":"https:\/\/desvendandoocodigo.com.br\/index.php?rest_route=\/wp\/v2\/pages\/1900\/revisions"}],"predecessor-version":[{"id":1902,"href":"https:\/\/desvendandoocodigo.com.br\/index.php?rest_route=\/wp\/v2\/pages\/1900\/revisions\/1902"}],"wp:attachment":[{"href":"https:\/\/desvendandoocodigo.com.br\/index.php?rest_route=%2Fwp%2Fv2%2Fmedia&parent=1900"}],"curies":[{"name":"wp","href":"https:\/\/api.w.org\/{rel}","templated":true}]}}